{"id":3528,"date":"2022-12-29T17:41:14","date_gmt":"2022-12-29T17:41:14","guid":{"rendered":"https:\/\/cnfastener.com\/?page_id=3528"},"modified":"2024-08-10T22:07:16","modified_gmt":"2024-08-10T22:07:16","slug":"notice-of-privacy","status":"publish","type":"page","link":"https:\/\/cnfastener.com\/index.php\/notice-of-privacy\/","title":{"rendered":"Notice of Privacy"},"content":{"rendered":"<div class=\"brz-root__container brz-reset-all brz\">\n<section id=\"wwvlmkfnuznfpsdmkhewuoebayonofwbgpum\" class=\"brz-section brz-css-pLuSd\">\n<div class=\"brz-section__content brz-section--boxed brz-css-p4DQn brz-css-nw_21\" data-brz-custom-id=\"yyqiinnmvxfwzjssqnznviuqujepahupbizs\">\n<div class=\"brz-bg\">\n<div class=\"brz-bg-color\"><\/div>\n<\/div>\n<div class=\"brz-container brz-css-wIB8w brz-css-vFZZS\">\n<div class=\"brz-row__container brz-css-gs90s\" data-brz-custom-id=\"drgmabkofpvutajtzaskoacajalynycdvjdg\">\n<div class=\"brz-bg\"><\/div>\n<div class=\"brz-row brz-css-jpeOv brz-css-r2BpF\">\n<div class=\"brz-columns brz-css-vJRM6 brz-css-p5xXU\" data-brz-custom-id=\"mibchomkbztfjchmymbagzklkexrqaxtxarp\">\n<div class=\"brz-bg\"><\/div>\n<div class=\"brz-column__items brz-css-zCtGY brz-css-h9iMw\">\n<div id=\"\" class=\"brz-css-aG3YK brz-css-vwaAd brz-wrapper\">\n<div class=\"brz-rich-text brz-rich-text__custom brz-css-wxZyg\" data-brz-custom-id=\"czynkxirgtpmfjnawbluveyceqitcyjolyye\">\n<div data-brz-translate-text=\"1\">\n<p data-generated-css=\"brz-css-bpkmm\" data-uniq-id=\"wjdzy\" class=\"brz-tp-lg-empty brz-ff-overpass brz-ft-google brz-fs-lg-14 brz-fss-lg-px brz-fw-lg-700 brz-ls-lg-1_1 brz-lh-lg-1_5 brz-css-l7P11\"><span class=\"brz-cp-color7\">AGOSTO, 2017<\/span><\/p>\n<\/div>\n<\/div>\n<\/div>\n<div id=\"\" class=\"brz-css-aG3YK brz-wrapper\">\n<div class=\"brz-rich-text brz-rich-text__custom brz-css-wxZyg\" data-brz-custom-id=\"qvyqtfjadguoiyuuulkyfgeemoxigcalazym\">\n<div data-brz-translate-text=\"1\">\n<p data-uniq-id=\"aiglh\" data-generated-css=\"brz-css-qypix\" class=\"brz-fss-lg-px brz-fw-lg-700 brz-ls-lg-0 brz-lh-lg-1_9 brz-tp-lg-empty brz-ff-overpass brz-ft-google brz-fs-lg-35 brz-css-uwRdu\"><span class=\"brz-cp-color6\">Notice of Privacy<\/span><\/p>\n<\/div>\n<\/div>\n<\/div>\n<div id=\"\" class=\"brz-css-aG3YK brz-wrapper\">\n<div class=\"brz-rich-text brz-rich-text__custom brz-css-wxZyg\" data-brz-custom-id=\"lmiydnawpwtxuqeucrdefrrjlzlrkbalqvcn\">\n<div data-brz-translate-text=\"1\">\n<p class=\"brz-tp-lg-paragraph brz-text-lg-justify brz-css-uJt56\" data-generated-css=\"brz-css-lvput\" data-uniq-id=\"cnhfe\"><span class=\"brz-cp-color7\" style=\"background-color: transparent\">Cn Fastener (en lo sucesivo la \u201cEmpresa\u201d) estamos <\/span><span class=\"brz-cp-color7\">convencidos que lo m\u00e1s importante son nuestros clientes, es por ello que aplicamos lineamientos, pol\u00edticas y procedimientos para proteger su informaci\u00f3n personal; es por ello que capacitamos a nuestro personal para el tratamiento en la protecci\u00f3n de su informaci\u00f3n mediante mecanismos f\u00edsicos y electr\u00f3nicos con la finalidad de impedir que terceros no autorizados tengan acceso a su informaci\u00f3n. <\/span><\/p>\n<p class=\"brz-tp-lg-paragraph brz-text-lg-justify brz-css-kJRf7\" data-generated-css=\"brz-css-lipwm\" data-uniq-id=\"vpnyn\"><span class=\"brz-cp-color7\"> <\/span><\/p>\n<p class=\"brz-tp-lg-paragraph brz-text-lg-justify brz-css-mxbrF\" data-generated-css=\"brz-css-vqsir\" data-uniq-id=\"rbgoq\"><span class=\"brz-cp-color7\">En atenci\u00f3n a la protecci\u00f3n de los datos personales de nuestros clientes y a la Ley Federal de Protecci\u00f3n de Datos Personales en Posesi\u00f3n de Particulares (en lo sucesivo la \u201cLey\u201d) publicada el pasado 5 de julio de 2010 en el Diario Oficial de la Federaci\u00f3n es que para su tranquilidad hacemos de su conocimiento que dicha informaci\u00f3n est\u00e1 protegida por la Empresa en t\u00e9rminos de la Ley, misma que puede consultar a trav\u00e9s de los portales que el Gobierno Federal, por conducto de la Secretar\u00eda de Gobernaci\u00f3n, y la C\u00e1mara de Diputados del H. Congreso de la Uni\u00f3n tienen en Internet y cuyas direcciones son: http:\/\/www.ordenjuridico.gob.mx y ttp:\/\/www.diputados.gob.mx.<\/span><\/p>\n<p class=\"brz-tp-lg-paragraph brz-bcp-color7 brz-text-lg-justify brz-css-kCR9j\" data-generated-css=\"brz-css-pvdeh\" data-uniq-id=\"vpizq\"><span class=\"brz-cp-color7\"> <\/span><\/p>\n<p class=\"brz-tp-lg-paragraph brz-bcp-color7 brz-text-lg-justify brz-css-wiQVN\" data-generated-css=\"brz-css-teugu\" data-uniq-id=\"xewsu\"><span class=\"brz-cp-color7\">En cumplimiento a la Ley, los datos personales que obtengamos en virtud de las transacciones de venta que celebremos con usted ser\u00e1n tratados de manera confidencial.<\/span><\/p>\n<p class=\"brz-tp-lg-paragraph brz-bcp-color7 brz-text-lg-justify brz-css-fR98U\" data-generated-css=\"brz-css-rnmhn\" data-uniq-id=\"jjsho\"><span class=\"brz-cp-color7\"> <\/span><\/p>\n<p class=\"brz-fw-lg-400 brz-fss-lg-px brz-fs-lg-16 brz-ft-google brz-ff-overpass brz-tp-lg-empty brz-text-lg-justify brz-ls-lg-0 brz-lh-lg-1_9 brz-css-b3iPG\" data-generated-css=\"brz-css-efgfg\" data-uniq-id=\"xazfz\"><span class=\"brz-cp-color6\">RESPONSABLES DEL TRATAMIENTO DE SUS DATOS PERSONALES <\/span><\/p>\n<p class=\"brz-tp-lg-paragraph brz-text-lg-justify brz-css-vMxFg\" data-generated-css=\"brz-css-yujgz\" data-uniq-id=\"sjhfk\"><span class=\"brz-cp-color7\">El responsable del tratamiento de sus datos personales ser\u00e1 la Empresa, quien recabar\u00e1 la informaci\u00f3n y la resguardar\u00e1 por conducto de colaboradores autorizados. Para efectos del presente aviso de privacidad, la Empresa se\u00f1ala como su domicilio el ubicado en Km. 40.5 Autopista M\u00e9xico-Quer\u00e9taro. Fracc. Ind Xhala. Cuautitlan Izcalli. Edo. de M\u00e9xico. C.P. 54750.<\/span><\/p>\n<p class=\"brz-tp-lg-paragraph brz-text-lg-justify brz-css-xGyTh\" data-generated-css=\"brz-css-olkoo\" data-uniq-id=\"fymuc\"><span class=\"brz-cp-color7\"> <\/span><\/p>\n<p class=\"brz-tp-lg-paragraph brz-text-lg-justify brz-css-qun4Q\" data-generated-css=\"brz-css-jjyfw\" data-uniq-id=\"sembc\"><span class=\"brz-cp-color6\">DATOS PERSONALES QUE PUEDEN RECABARSE<\/span><\/p>\n<p class=\"brz-tp-lg-paragraph brz-text-lg-justify brz-css-lHM2S\" data-generated-css=\"brz-css-bplhd\" data-uniq-id=\"mnail\"><span class=\"brz-cp-color7\">La Empresa recabar\u00e1 los datos personales necesarios para la formalizaci\u00f3n de las operaciones de venta que usted est\u00e9 de acuerdo en<\/span><\/p>\n<p class=\"brz-tp-lg-paragraph brz-text-lg-justify brz-css-lmMSV\" data-generated-css=\"brz-css-xtrtz\" data-uniq-id=\"sektg\"><span class=\"brz-cp-color7\">adquirir; de manera enunciativa, m\u00e1s no limitativa, la Empresa podr\u00e1 recabar: (i) su nombre; (ii) domicilio; (iii) fecha de nacimiento; (iv) nacionalidad; (v) ocupaci\u00f3n, (vi) profesi\u00f3n, (vii) estado civil (viii) actividad o giro del negocio al que se dedique; (ix) n\u00fameros telef\u00f3nicos fijos o m\u00f3vil; (x) Clave \u00danica de Registro de Poblaci\u00f3n; (xi) Clave del Registro Federal de Contribuyentes; y (xii) copia de los documentos o informaci\u00f3n necesaria para acreditar los datos se\u00f1alados en los incisos del (i) al (xi) antes mencionados.<\/span><span class=\"brz-cp-color7\" style=\"background-color: transparent\">\u2028Asimismo, la Empresa podr\u00e1 <\/span><span class=\"brz-cp-color7\">requerirle datos adicionales que le permitan estimar la viabilidad de pago, vali\u00e9ndose para ello de un an\u00e1lisis a partir de informaci\u00f3n cuantitativa y cualitativa, que permita establecer su solvencia econ\u00f3mica y capacidad de pago, de manera informativa m\u00e1s no limitativa recibos de pago salariales, constancias laborales y estados de cuenta.<\/span><\/p>\n<p class=\"brz-tp-lg-paragraph brz-text-lg-justify brz-css-xOzMc\" data-generated-css=\"brz-css-xjwnn\" data-uniq-id=\"tydqs\"><span class=\"brz-cp-color7\"> <\/span><\/p>\n<p class=\"brz-tp-lg-paragraph brz-text-lg-justify brz-css-iKg4s\" data-generated-css=\"brz-css-sechl\" data-uniq-id=\"feqfv\"><span class=\"brz-cp-color6\">FINALIDADES DEL TRATAMIENTO DE SUS DATOS PERSONALES<\/span><\/p>\n<p class=\"brz-tp-lg-paragraph brz-text-lg-justify brz-css-m3KAd\" data-generated-css=\"brz-css-astbq\" data-uniq-id=\"ayspe\"><span class=\"brz-cp-color7\">Los datos personales que la Empresa recabe ser\u00e1n usados exclusivamente para las actividades propias de la operaci\u00f3n de compraventa que usted celebre con la misma, en t\u00e9rminos de los contratos privados de compraventa, ofertas de compra u otros, as\u00ed como para ofrecerle y promocionar, en su caso, otros desarrollos del Grupo del cual forma parte la Empresa.<\/span><\/p>\n<p class=\"brz-tp-lg-paragraph brz-text-lg-justify brz-css-wsBal\" data-generated-css=\"brz-css-wmmqu\" data-uniq-id=\"fnkws\"><span class=\"brz-cp-color7\"> <\/span><\/p>\n<p class=\"brz-tp-lg-paragraph brz-text-lg-justify brz-css-y3TNq\" data-generated-css=\"brz-css-naoog\" data-uniq-id=\"izbuv\"><span class=\"brz-cp-color6\">TRANSFERENCIA DE DATOS PERSONALES<\/span><\/p>\n<p class=\"brz-tp-lg-paragraph brz-text-lg-justify brz-css-sQOA_\" data-generated-css=\"brz-css-ucgsi\" data-uniq-id=\"dkkhi\"><span class=\"brz-cp-color7\">La Empresa podr\u00e1 transferir sus datos personales a terceros que le provean de servicios necesarios para su debida operaci\u00f3n, as\u00ed como a sus afiliadas, subsidiarias, controladoras, asociadas, comisionistas o sociedades integrantes del Grupo.<\/span><span class=\"brz-cp-color7\" style=\"background-color: transparent\">\u2028En <\/span><span class=\"brz-cp-color7\">dichos supuestos, le informamos que la Empresa adoptar\u00e1 las medidas necesarias para que las personas que tengan acceso a sus datos personales cumplan con los principios de protecci\u00f3n de datos personales establecidos en la Ley.<\/span><\/p>\n<p class=\"brz-tp-lg-paragraph brz-text-lg-justify brz-css-a31L_\" data-generated-css=\"brz-css-xaayv\" data-uniq-id=\"iatfd\"><span class=\"brz-cp-color7\"> <\/span><\/p>\n<p class=\"brz-tp-lg-paragraph brz-text-lg-justify brz-css-lMI8q\" data-generated-css=\"brz-css-fsufe\" data-uniq-id=\"tllsx\"><span class=\"brz-cp-color6\">DERECHOS DEL TITULAR DE LOS DATOS PERSONALES<\/span><\/p>\n<p class=\"brz-tp-lg-paragraph brz-text-lg-justify brz-css-jg8_2\" data-generated-css=\"brz-css-ovyou\" data-uniq-id=\"taozs\"><span class=\"brz-cp-color7\">Usted o su representante legal debidamente acreditado podr\u00e1n limitar el uso o divulgaci\u00f3n de sus datos personales; asimismo, podr\u00e1 ejercer, cuando procedan, los derechos de acceso, rectificaci\u00f3n, cancelaci\u00f3n u oposici\u00f3n que la Ley prev\u00e9 mediante solicitud presentada en el domicilio se\u00f1alado en el presente aviso; es importante mencionar que el ejercicio de cualquiera de dichos derechos no es requisito previo ni impide el ejercicio de otro derecho.<\/span><\/p>\n<p class=\"brz-tp-lg-paragraph brz-text-lg-justify brz-css-mJj7U\" data-generated-css=\"brz-css-uawzw\" data-uniq-id=\"dpoop\"><span class=\"brz-cp-color7\"> <\/span><\/p>\n<p class=\"brz-tp-lg-paragraph brz-text-lg-justify brz-css-t4HFT\" data-generated-css=\"brz-css-awmej\" data-uniq-id=\"quycw\"><span class=\"brz-cp-color6\">MODIFICACIONES AL AVISO DE PRIVACIDAD<\/span><\/p>\n<p class=\"brz-tp-lg-paragraph brz-text-lg-justify brz-css-k0t19\" data-generated-css=\"brz-css-ogveh\" data-uniq-id=\"ydujv\"><span class=\"brz-cp-color7\">Cualquier modificaci\u00f3n al presente aviso le ser\u00e1 notificada a trav\u00e9s de cualquiera de los siguientes medios: un comunicado por escrito<\/span><\/p>\n<p class=\"brz-tp-lg-paragraph brz-text-lg-justify brz-css-eTDin\" data-generated-css=\"brz-css-ltqed\" data-uniq-id=\"ersgs\"><span class=\"brz-cp-color7\">enviado a su domicilio o enviado a su correo electr\u00f3nico; un mensaje dado a conocer a trav\u00e9s del portal de Internet interactivo de la Empresa.<\/span><\/p>\n<p class=\"brz-tp-lg-paragraph brz-text-lg-justify brz-css-iG0Ad\" data-generated-css=\"brz-css-vdapn\" data-uniq-id=\"bcsjx\"><span class=\"brz-cp-color7\"> <\/span><\/p>\n<p class=\"brz-tp-lg-paragraph brz-text-lg-justify brz-css-m0bXS\" data-generated-css=\"brz-css-liohs\" data-uniq-id=\"vfvro\"><span class=\"brz-cp-color7\">Para cualquier duda cont\u00e1ctanos en: <\/span><span class=\"brz-cp-color6\">esther.hernandez@cnfastener.com<\/span><\/p>\n<\/div>\n<\/div>\n<\/div>\n<\/div>\n<\/div>\n<\/div>\n<\/div>\n<\/div>\n<\/div>\n<\/section>\n<\/div>\n<p>    <!-- version:1723327636 --><\/p>\n","protected":false},"excerpt":{"rendered":"<p>AGOSTO, 2017 Notice of Privacy Cn Fastener (en lo sucesivo la \u201cEmpresa\u201d) estamos convencidos que lo m\u00e1s importante son nuestros clientes, es por ello que aplicamos lineamientos, pol\u00edticas y procedimientos para proteger su informaci\u00f3n personal; es por ello que capacitamos a nuestro personal para el tratamiento en la protecci\u00f3n de su informaci\u00f3n mediante mecanismos f\u00edsicos [&hellip;]<\/p>\n","protected":false},"author":1,"featured_media":0,"parent":0,"menu_order":0,"comment_status":"closed","ping_status":"closed","template":"brizy-blank-template.php","meta":{"om_disable_all_campaigns":false,"_uag_custom_page_level_css":"","_monsterinsights_skip_tracking":false,"_monsterinsights_sitenote_active":false,"_monsterinsights_sitenote_note":"","_monsterinsights_sitenote_category":0,"_uf_show_specific_survey":0,"_uf_disable_surveys":false,"site-sidebar-layout":"default","site-content-layout":"","ast-site-content-layout":"","site-content-style":"default","site-sidebar-style":"default","ast-global-header-display":"","ast-banner-title-visibility":"","ast-main-header-display":"","ast-hfb-above-header-display":"","ast-hfb-below-header-display":"","ast-hfb-mobile-header-display":"","site-post-title":"","ast-breadcrumbs-content":"","ast-featured-img":"","footer-sml-layout":"","theme-transparent-header-meta":"","adv-header-id-meta":"","stick-header-meta":"","header-above-stick-meta":"","header-main-stick-meta":"","header-below-stick-meta":"","astra-migrate-meta-layouts":"default","ast-page-background-enabled":"default","ast-page-background-meta":{"desktop":{"background-color":"","background-image":"","background-repeat":"repeat","background-position":"center center","background-size":"auto","background-attachment":"scroll","background-type":"","background-media":"","overlay-type":"","overlay-color":"","overlay-opacity":"","overlay-gradient":""},"tablet":{"background-color":"","background-image":"","background-repeat":"repeat","background-position":"center center","background-size":"auto","background-attachment":"scroll","background-type":"","background-media":"","overlay-type":"","overlay-color":"","overlay-opacity":"","overlay-gradient":""},"mobile":{"background-color":"","background-image":"","background-repeat":"repeat","background-position":"center center","background-size":"auto","background-attachment":"scroll","background-type":"","background-media":"","overlay-type":"","overlay-color":"","overlay-opacity":"","overlay-gradient":""}},"ast-content-background-meta":{"desktop":{"background-color":"var(--ast-global-color-5)","background-image":"","background-repeat":"repeat","background-position":"center center","background-size":"auto","background-attachment":"scroll","background-type":"","background-media":"","overlay-type":"","overlay-color":"","overlay-opacity":"","overlay-gradient":""},"tablet":{"background-color":"var(--ast-global-color-5)","background-image":"","background-repeat":"repeat","background-position":"center center","background-size":"auto","background-attachment":"scroll","background-type":"","background-media":"","overlay-type":"","overlay-color":"","overlay-opacity":"","overlay-gradient":""},"mobile":{"background-color":"var(--ast-global-color-5)","background-image":"","background-repeat":"repeat","background-position":"center center","background-size":"auto","background-attachment":"scroll","background-type":"","background-media":"","overlay-type":"","overlay-color":"","overlay-opacity":"","overlay-gradient":""}},"footnotes":""},"class_list":["post-3528","page","type-page","status-publish","hentry"],"aioseo_notices":[],"uagb_featured_image_src":{"full":false,"thumbnail":false,"medium":false,"medium_large":false,"large":false,"1536x1536":false,"2048x2048":false,"woocommerce_thumbnail":false,"woocommerce_single":false,"woocommerce_gallery_thumbnail":false,"dgwt-wcas-product-suggestion":false},"uagb_author_info":{"display_name":"admin","author_link":"https:\/\/cnfastener.com\/index.php\/author\/imagendigital\/"},"uagb_comment_info":0,"uagb_excerpt":"AGOSTO, 2017 Notice of Privacy Cn Fastener (en lo sucesivo la \u201cEmpresa\u201d) estamos convencidos que lo m\u00e1s importante son nuestros clientes, es por ello que aplicamos lineamientos, pol\u00edticas y procedimientos para proteger su informaci\u00f3n personal; es por ello que capacitamos a nuestro personal para el tratamiento en la protecci\u00f3n de su informaci\u00f3n mediante mecanismos f\u00edsicos&hellip;","_links":{"self":[{"href":"https:\/\/cnfastener.com\/index.php\/wp-json\/wp\/v2\/pages\/3528","targetHints":{"allow":["GET"]}}],"collection":[{"href":"https:\/\/cnfastener.com\/index.php\/wp-json\/wp\/v2\/pages"}],"about":[{"href":"https:\/\/cnfastener.com\/index.php\/wp-json\/wp\/v2\/types\/page"}],"author":[{"embeddable":true,"href":"https:\/\/cnfastener.com\/index.php\/wp-json\/wp\/v2\/users\/1"}],"replies":[{"embeddable":true,"href":"https:\/\/cnfastener.com\/index.php\/wp-json\/wp\/v2\/comments?post=3528"}],"version-history":[{"count":19,"href":"https:\/\/cnfastener.com\/index.php\/wp-json\/wp\/v2\/pages\/3528\/revisions"}],"predecessor-version":[{"id":11977,"href":"https:\/\/cnfastener.com\/index.php\/wp-json\/wp\/v2\/pages\/3528\/revisions\/11977"}],"wp:attachment":[{"href":"https:\/\/cnfastener.com\/index.php\/wp-json\/wp\/v2\/media?parent=3528"}],"curies":[{"name":"wp","href":"https:\/\/api.w.org\/{rel}","templated":true}]}}