{"id":3477,"date":"2022-12-29T17:26:51","date_gmt":"2022-12-29T17:26:51","guid":{"rendered":"https:\/\/cnfastener.com\/?page_id=3477"},"modified":"2024-08-11T02:47:52","modified_gmt":"2024-08-11T02:47:52","slug":"terms-and-conditions","status":"publish","type":"page","link":"https:\/\/cnfastener.com\/index.php\/terms-and-conditions\/","title":{"rendered":"Terms and Conditions"},"content":{"rendered":"<div class=\"brz-root__container brz-reset-all brz\">\n<section id=\"hkofvntzrojjacaspytonbtuqmkwuxukiqed\" class=\"brz-section brz-css-sJnyL\">\n<div class=\"brz-section__content brz-section--boxed brz-css-wWA9U brz-css-zKUF_\" data-brz-custom-id=\"lcnlkveazydvhakzjbzavbfjesmkdbgoovlr\">\n<div class=\"brz-bg\">\n<div class=\"brz-bg-color\"><\/div>\n<\/div>\n<div class=\"brz-container brz-css-vRT8O brz-css-hRVT8\">\n<div class=\"brz-row__container brz-css-gR3h8\" data-brz-custom-id=\"erckqhoxnizrpvpdhmvxxtjwtiqflgobvrsf\">\n<div class=\"brz-bg\"><\/div>\n<div class=\"brz-row brz-css-ms1RI brz-css-d8Kie\">\n<div class=\"brz-columns brz-css-oXlkK brz-css-s7g0_\" data-brz-custom-id=\"rqtzlfvzticuqzsovpuibkpxntqgmjvfqyxj\">\n<div class=\"brz-bg\"><\/div>\n<div class=\"brz-column__items brz-css-teCQa brz-css-phKTi\">\n<div id=\"\" class=\"brz-css-mYZL5 brz-css-ftIqG brz-wrapper\">\n<div class=\"brz-rich-text brz-rich-text__custom brz-css-gcaHp\" data-brz-custom-id=\"epytuuejzetaarvhjrhcknzeulvobdeshuch\">\n<div data-brz-translate-text=\"1\">\n<h3 class=\"brz-tp-lg-empty brz-ff-overpass brz-ft-google brz-fs-lg-17 brz-fss-lg-px brz-fw-lg-300 brz-ls-lg-m_1_5 brz-lh-lg-1_4 brz-css-s0LGB\" data-generated-css=\"brz-css-gblil\" data-uniq-id=\"zwdwt\"><strong class=\"brz-cp-color7\">Estimado cliente:<\/strong><\/h3>\n<\/div>\n<\/div>\n<\/div>\n<div id=\"\" class=\"brz-css-mYZL5 brz-wrapper\">\n<div class=\"brz-rich-text brz-rich-text__custom brz-css-gcaHp\" data-brz-custom-id=\"ozfbbdgbxtuoqvyekawlmwpacuxjirjrxqxv\">\n<div data-brz-translate-text=\"1\">\n<h2 class=\"brz-text-lg-left brz-tp-lg-heading2 brz-css-lhhZZ\" data-generated-css=\"brz-css-rwsfb\" data-uniq-id=\"wslbu\"><span class=\"brz-cp-color2\">Terms and Conditions<\/span><\/h2>\n<\/div>\n<\/div>\n<\/div>\n<div id=\"\" class=\"brz-css-mYZL5 brz-wrapper\">\n<div class=\"brz-rich-text brz-rich-text__custom brz-css-gcaHp\" data-brz-custom-id=\"inojahjdlfdbwvovjqtfppcnualxnzpaqeja\">\n<div data-brz-translate-text=\"1\">\n<p class=\"brz-tp-lg-paragraph brz-text-lg-justify brz-css-xOLQs\" data-generated-css=\"brz-css-mwzjl\" data-uniq-id=\"yqavf\"><span style=\"background-color: transparent\" class=\"brz-cp-color7\">1. Nuestros precios de lista son en Moneda Nacional y no <\/span><span class=\"brz-cp-color7\">incluyen el IVA.<\/span><\/p>\n<p class=\"brz-tp-lg-paragraph brz-text-lg-justify brz-css-omCon\" data-generated-css=\"brz-css-mwzjl\" data-uniq-id=\"yqavf\"><span class=\"brz-cp-color7\"> <\/span><\/p>\n<p class=\"brz-tp-lg-paragraph brz-text-lg-justify brz-css-fCWLL\" data-generated-css=\"brz-css-qjqni\" data-uniq-id=\"wdrrk\"><span class=\"brz-cp-color7\">2. Precios sujetos a cambio sin previo aviso.<\/span><\/p>\n<p class=\"brz-tp-lg-paragraph brz-text-lg-justify brz-css-yxTPu\" data-generated-css=\"brz-css-qjqni\" data-uniq-id=\"wdrrk\"><span class=\"brz-cp-color7\"> <\/span><\/p>\n<p class=\"brz-tp-lg-paragraph brz-text-lg-justify brz-css-tx864\" data-generated-css=\"brz-css-edjwi\" data-uniq-id=\"tdbmf\"><span class=\"brz-cp-color7\">3. Nuestros precios son L.A.B. M\u00e9xico, D.F.<\/span><\/p>\n<p class=\"brz-tp-lg-paragraph brz-text-lg-justify brz-css-q7qdK\" data-generated-css=\"brz-css-edjwi\" data-uniq-id=\"tdbmf\"><span class=\"brz-cp-color7\"> <\/span><\/p>\n<p class=\"brz-tp-lg-paragraph brz-text-lg-justify brz-css-epd6i\" data-generated-css=\"brz-css-pcxnl\" data-uniq-id=\"sqpxc\"><span class=\"brz-cp-color7\">4. Para pedidos for\u00e1neos el flete ser\u00e1 por cobrar, y en la l\u00ednea de su preferencia. LA MERCANCIA VIAJA POR CUENTA Y RIESGO DEL COMPRADOR.<\/span><\/p>\n<p class=\"brz-tp-lg-paragraph brz-text-lg-justify brz-css-zYOlE\" data-generated-css=\"brz-css-pcxnl\" data-uniq-id=\"sqpxc\"><span class=\"brz-cp-color7\"> <\/span><\/p>\n<p class=\"brz-tp-lg-paragraph brz-text-lg-justify brz-css-m_KnM\" data-generated-css=\"brz-css-ourpg\" data-uniq-id=\"jnydn\"><span class=\"brz-cp-color7\">5. El descuento de los precios ser\u00e1 negociado directamente con nuestros vendedores y con la autorizaci\u00f3n de la Direcci\u00f3n Comercial.<\/span><\/p>\n<p class=\"brz-tp-lg-paragraph brz-text-lg-justify brz-css-eriRk\" data-generated-css=\"brz-css-ourpg\" data-uniq-id=\"jnydn\"><span class=\"brz-cp-color7\"> <\/span><\/p>\n<p class=\"brz-tp-lg-paragraph brz-text-lg-justify brz-css-uNvFh\" data-generated-css=\"brz-css-dqqqm\" data-uniq-id=\"iivys\"><span class=\"brz-cp-color7\">6. Las ventas de contado deber\u00e1n ser cubiertas en efectivo, deposito en firme o transferencia electr\u00f3nica confirmada en una de nuestras cuentas, (ver relaci\u00f3n de nuestras cuentas bancarias).<\/span><\/p>\n<p class=\"brz-tp-lg-paragraph brz-text-lg-justify brz-css-sne3q\" data-generated-css=\"brz-css-dqqqm\" data-uniq-id=\"iivys\"><span class=\"brz-cp-color7\"> <\/span><\/p>\n<p class=\"brz-tp-lg-paragraph brz-text-lg-justify brz-css-qptZ8\" data-generated-css=\"brz-css-wsfga\" data-uniq-id=\"xcaup\"><span class=\"brz-cp-color7\">7. Por este medio les informamos que, para hacer una devoluci\u00f3n o reclamo, debe ser dentro de los 20 d\u00edas fecha de entrega, despu\u00e9s de esta fecha por devoluci\u00f3n se har\u00e1 un cargo.<\/span><\/p>\n<p class=\"brz-tp-lg-paragraph brz-text-lg-justify brz-css-wXTyk\" data-generated-css=\"brz-css-wsfga\" data-uniq-id=\"xcaup\"><span class=\"brz-cp-color7\"> <\/span><\/p>\n<p class=\"brz-tp-lg-paragraph brz-text-lg-justify brz-css-uiSAM\" data-generated-css=\"brz-css-owllj\" data-uniq-id=\"yipsh\"><span class=\"brz-cp-color7\">&#8211; 7.1 Al recibir el cliente su mercanc\u00eda deber\u00e1 de contarla y\/o pesarla. Si es for\u00e1nea deber\u00e1 coincidir con el tal\u00f3n de embarque y la factura.<\/span><\/p>\n<p class=\"brz-tp-lg-paragraph brz-text-lg-justify brz-css-i3udt\" data-generated-css=\"brz-css-owllj\" data-uniq-id=\"yipsh\"><span class=\"brz-cp-color7\"> <\/span><\/p>\n<p class=\"brz-tp-lg-paragraph brz-text-lg-justify brz-css-halbX\" data-generated-css=\"brz-css-xbluf\" data-uniq-id=\"vfecf\"><span class=\"brz-cp-color7\">&#8211; 7.2 La devoluci\u00f3n del producto y empaque de URREA y SURTEK deben de estar en perfectas condiciones. No se aceptar\u00e1n en mal estado: no rayados, no doblados, no maltratados.<\/span><\/p>\n<p class=\"brz-tp-lg-paragraph brz-text-lg-justify brz-css-dRWQC\" data-generated-css=\"brz-css-xbluf\" data-uniq-id=\"vfecf\"><span class=\"brz-cp-color7\"> <\/span><\/p>\n<p class=\"brz-tp-lg-paragraph brz-text-lg-justify brz-css-aWOM0\" data-generated-css=\"brz-css-zxrce\" data-uniq-id=\"lgjuw\"><span class=\"brz-cp-color7\">&#8211; 7.3 Despu\u00e9s de pasado el tiempo mencionado CLAVOS NACIONALES no se hace responsable de tramitar la devoluci\u00f3n.<\/span><\/p>\n<p class=\"brz-tp-lg-paragraph brz-text-lg-justify brz-css-qQQZ8\" data-generated-css=\"brz-css-zxrce\" data-uniq-id=\"lgjuw\"><span class=\"brz-cp-color7\"> <\/span><\/p>\n<p class=\"brz-tp-lg-paragraph brz-text-lg-justify brz-css-aEdAi\" data-generated-css=\"brz-css-fjqvt\" data-uniq-id=\"teazt\"><span class=\"brz-cp-color7\">8. Cualquier tratamiento, acabado o empaque especial ser\u00e1 cobrado en forma adicional.<\/span><\/p>\n<\/div>\n<\/div>\n<\/div>\n<\/div>\n<\/div>\n<\/div>\n<\/div>\n<\/div>\n<\/div>\n<\/section>\n<\/div>\n<p>    <!-- version:1723344472 --><\/p>\n","protected":false},"excerpt":{"rendered":"<p>Estimado cliente: Terms and Conditions 1. Nuestros precios de lista son en Moneda Nacional y no incluyen el IVA. 2. Precios sujetos a cambio sin previo aviso. 3. Nuestros precios son L.A.B. M\u00e9xico, D.F. 4. Para pedidos for\u00e1neos el flete ser\u00e1 por cobrar, y en la l\u00ednea de su preferencia. LA MERCANCIA VIAJA POR CUENTA [&hellip;]<\/p>\n","protected":false},"author":1,"featured_media":0,"parent":0,"menu_order":0,"comment_status":"closed","ping_status":"closed","template":"brizy-blank-template.php","meta":{"om_disable_all_campaigns":false,"_uag_custom_page_level_css":"","_monsterinsights_skip_tracking":false,"_monsterinsights_sitenote_active":false,"_monsterinsights_sitenote_note":"","_monsterinsights_sitenote_category":0,"_uf_show_specific_survey":0,"_uf_disable_surveys":false,"site-sidebar-layout":"default","site-content-layout":"","ast-site-content-layout":"","site-content-style":"default","site-sidebar-style":"default","ast-global-header-display":"","ast-banner-title-visibility":"","ast-main-header-display":"","ast-hfb-above-header-display":"","ast-hfb-below-header-display":"","ast-hfb-mobile-header-display":"","site-post-title":"","ast-breadcrumbs-content":"","ast-featured-img":"","footer-sml-layout":"","theme-transparent-header-meta":"","adv-header-id-meta":"","stick-header-meta":"","header-above-stick-meta":"","header-main-stick-meta":"","header-below-stick-meta":"","astra-migrate-meta-layouts":"default","ast-page-background-enabled":"default","ast-page-background-meta":{"desktop":{"background-color":"","background-image":"","background-repeat":"repeat","background-position":"center center","background-size":"auto","background-attachment":"scroll","background-type":"","background-media":"","overlay-type":"","overlay-color":"","overlay-opacity":"","overlay-gradient":""},"tablet":{"background-color":"","background-image":"","background-repeat":"repeat","background-position":"center center","background-size":"auto","background-attachment":"scroll","background-type":"","background-media":"","overlay-type":"","overlay-color":"","overlay-opacity":"","overlay-gradient":""},"mobile":{"background-color":"","background-image":"","background-repeat":"repeat","background-position":"center center","background-size":"auto","background-attachment":"scroll","background-type":"","background-media":"","overlay-type":"","overlay-color":"","overlay-opacity":"","overlay-gradient":""}},"ast-content-background-meta":{"desktop":{"background-color":"var(--ast-global-color-5)","background-image":"","background-repeat":"repeat","background-position":"center center","background-size":"auto","background-attachment":"scroll","background-type":"","background-media":"","overlay-type":"","overlay-color":"","overlay-opacity":"","overlay-gradient":""},"tablet":{"background-color":"var(--ast-global-color-5)","background-image":"","background-repeat":"repeat","background-position":"center center","background-size":"auto","background-attachment":"scroll","background-type":"","background-media":"","overlay-type":"","overlay-color":"","overlay-opacity":"","overlay-gradient":""},"mobile":{"background-color":"var(--ast-global-color-5)","background-image":"","background-repeat":"repeat","background-position":"center center","background-size":"auto","background-attachment":"scroll","background-type":"","background-media":"","overlay-type":"","overlay-color":"","overlay-opacity":"","overlay-gradient":""}},"footnotes":""},"class_list":["post-3477","page","type-page","status-publish","hentry"],"aioseo_notices":[],"uagb_featured_image_src":{"full":false,"thumbnail":false,"medium":false,"medium_large":false,"large":false,"1536x1536":false,"2048x2048":false,"woocommerce_thumbnail":false,"woocommerce_single":false,"woocommerce_gallery_thumbnail":false,"dgwt-wcas-product-suggestion":false},"uagb_author_info":{"display_name":"admin","author_link":"https:\/\/cnfastener.com\/index.php\/author\/imagendigital\/"},"uagb_comment_info":0,"uagb_excerpt":"Estimado cliente: Terms and Conditions 1. Nuestros precios de lista son en Moneda Nacional y no incluyen el IVA. 2. Precios sujetos a cambio sin previo aviso. 3. Nuestros precios son L.A.B. M\u00e9xico, D.F. 4. Para pedidos for\u00e1neos el flete ser\u00e1 por cobrar, y en la l\u00ednea de su preferencia. LA MERCANCIA VIAJA POR CUENTA&hellip;","_links":{"self":[{"href":"https:\/\/cnfastener.com\/index.php\/wp-json\/wp\/v2\/pages\/3477","targetHints":{"allow":["GET"]}}],"collection":[{"href":"https:\/\/cnfastener.com\/index.php\/wp-json\/wp\/v2\/pages"}],"about":[{"href":"https:\/\/cnfastener.com\/index.php\/wp-json\/wp\/v2\/types\/page"}],"author":[{"embeddable":true,"href":"https:\/\/cnfastener.com\/index.php\/wp-json\/wp\/v2\/users\/1"}],"replies":[{"embeddable":true,"href":"https:\/\/cnfastener.com\/index.php\/wp-json\/wp\/v2\/comments?post=3477"}],"version-history":[{"count":20,"href":"https:\/\/cnfastener.com\/index.php\/wp-json\/wp\/v2\/pages\/3477\/revisions"}],"predecessor-version":[{"id":12008,"href":"https:\/\/cnfastener.com\/index.php\/wp-json\/wp\/v2\/pages\/3477\/revisions\/12008"}],"wp:attachment":[{"href":"https:\/\/cnfastener.com\/index.php\/wp-json\/wp\/v2\/media?parent=3477"}],"curies":[{"name":"wp","href":"https:\/\/api.w.org\/{rel}","templated":true}]}}